{"id":150,"date":"2018-10-28T11:02:01","date_gmt":"2018-10-28T11:02:01","guid":{"rendered":"https:\/\/demo.budflare.com\/inspire\/?page_id=150"},"modified":"2021-01-21T19:38:55","modified_gmt":"2021-01-21T19:38:55","slug":"contacto","status":"publish","type":"page","link":"https:\/\/olatelekom.es\/index.php\/contacto\/","title":{"rendered":"Contacto"},"content":{"rendered":"\t\t<div data-elementor-type=\"wp-post\" data-elementor-id=\"150\" class=\"elementor elementor-150\" data-elementor-post-type=\"page\">\n\t\t\t\t\t\t<section class=\"elementor-section elementor-top-section elementor-element elementor-element-a21300d elementor-section-boxed elementor-section-height-default elementor-section-height-default\" data-id=\"a21300d\" data-element_type=\"section\">\n\t\t\t\t\t\t<div class=\"elementor-container elementor-column-gap-default\">\n\t\t\t\t\t<div class=\"elementor-column elementor-col-50 elementor-top-column elementor-element elementor-element-309b29b\" data-id=\"309b29b\" data-element_type=\"column\">\n\t\t\t<div class=\"elementor-widget-wrap elementor-element-populated\">\n\t\t\t\t\t\t<div class=\"elementor-element elementor-element-119b4b9 elementor-widget elementor-widget-wp-widget-ocean_contact_info\" data-id=\"119b4b9\" data-element_type=\"widget\" data-widget_type=\"wp-widget-ocean_contact_info.default\">\n\t\t\t\t<div class=\"elementor-widget-container\">\n\t\t\t<h5>informaci\u00f3n de contacto<\/h5><ul class=\"contact-info-widget default\"><li class=\"text\">Puedes encontrarnos y contactar con nosotros a trav\u00e9s de los siguientes medios:<\/li><li class=\"address\"><i class=\"icon-location-pin\" aria-hidden=\"true\"><\/i><div class=\"oceanwp-info-wrap\"><span class=\"oceanwp-contact-title\">Direcci\u00f3n:<\/span><span class=\"oceanwp-contact-text\">Paseo de Rosas, 8 - 23280 Beas de Segura (Ja\u00e9n)<\/span><\/div><\/li><li class=\"phone\"><i class=\"icon-phone\" aria-hidden=\"true\"><\/i><div class=\"oceanwp-info-wrap\"><span class=\"oceanwp-contact-title\">M\u00f3vil:<\/span><span class=\"oceanwp-contact-text\">611 20 56 57<\/span><\/div><\/li><li class=\"email\"><i class=\"icon-envelope\" aria-hidden=\"true\"><\/i><div class=\"oceanwp-info-wrap\"><span class=\"oceanwp-contact-title\">Email:<\/span><span class=\"oceanwp-contact-text\"><a href=\"mailto:&#111;l&#097;&#116;&#101;&#108;e&#107;&#111;&#109;&#064;g&#109;&#097;i&#108;.&#099;&#111;&#109;\">olatelekom@gmail.com<\/a><span class=\"screen-reader-text\">Se abre en tu aplicaci\u00f3n<\/span><\/span><\/div><\/li><li class=\"web\"><i class=\"icon-link\" aria-hidden=\"true\"><\/i><div class=\"oceanwp-info-wrap\"><span class=\"oceanwp-contact-title\">Website:<\/span><span class=\"oceanwp-contact-text\"><a href=\"http:\/\/www.olateleom.es\" target=\"_self\" >www.olatelekom.es<\/a><\/span><\/div><\/li><\/ul>\t\t<\/div>\n\t\t\t\t<\/div>\n\t\t\t\t\t<\/div>\n\t\t<\/div>\n\t\t\t\t<div class=\"elementor-column elementor-col-50 elementor-top-column elementor-element elementor-element-3fb3fe0\" data-id=\"3fb3fe0\" data-element_type=\"column\">\n\t\t\t<div class=\"elementor-widget-wrap elementor-element-populated\">\n\t\t\t\t\t\t<div class=\"elementor-element elementor-element-931887d elementor-widget elementor-widget-google_maps\" data-id=\"931887d\" data-element_type=\"widget\" data-widget_type=\"google_maps.default\">\n\t\t\t\t<div class=\"elementor-widget-container\">\n\t\t\t\t\t<div class=\"elementor-custom-embed\">\n\t\t\t<iframe loading=\"lazy\"\n\t\t\t\t\tsrc=\"https:\/\/maps.google.com\/maps?q=paseo%20de%20rosas%2C%208%20beas%20de%20segura&#038;t=m&#038;z=14&#038;output=embed&#038;iwloc=near\"\n\t\t\t\t\ttitle=\"paseo de rosas, 8 beas de segura\"\n\t\t\t\t\taria-label=\"paseo de rosas, 8 beas de segura\"\n\t\t\t><\/iframe>\n\t\t<\/div>\n\t\t\t\t<\/div>\n\t\t\t\t<\/div>\n\t\t\t\t\t<\/div>\n\t\t<\/div>\n\t\t\t\t\t<\/div>\n\t\t<\/section>\n\t\t\t\t<section class=\"elementor-section elementor-top-section elementor-element elementor-element-a5099e8 elementor-section-boxed elementor-section-height-default elementor-section-height-default\" data-id=\"a5099e8\" data-element_type=\"section\" data-settings=\"{&quot;background_background&quot;:&quot;classic&quot;}\">\n\t\t\t\t\t\t<div class=\"elementor-container elementor-column-gap-default\">\n\t\t\t\t\t<div class=\"elementor-column elementor-col-100 elementor-top-column elementor-element elementor-element-fbe8210\" data-id=\"fbe8210\" data-element_type=\"column\">\n\t\t\t<div class=\"elementor-widget-wrap elementor-element-populated\">\n\t\t\t\t\t\t<div class=\"elementor-element elementor-element-8fbfb8e elementor-widget elementor-widget-heading\" data-id=\"8fbfb8e\" data-element_type=\"widget\" data-widget_type=\"heading.default\">\n\t\t\t\t<div class=\"elementor-widget-container\">\n\t\t\t<h2 class=\"elementor-heading-title elementor-size-default\">Contacta Con nosotros<\/h2>\t\t<\/div>\n\t\t\t\t<\/div>\n\t\t\t\t<div class=\"elementor-element elementor-element-904be75 elementor-widget-divider--view-line elementor-widget elementor-widget-divider\" data-id=\"904be75\" data-element_type=\"widget\" data-widget_type=\"divider.default\">\n\t\t\t\t<div class=\"elementor-widget-container\">\n\t\t\t\t\t<div class=\"elementor-divider\">\n\t\t\t<span class=\"elementor-divider-separator\">\n\t\t\t\t\t\t<\/span>\n\t\t<\/div>\n\t\t\t\t<\/div>\n\t\t\t\t<\/div>\n\t\t\t\t\t<\/div>\n\t\t<\/div>\n\t\t\t\t\t<\/div>\n\t\t<\/section>\n\t\t\t\t<section class=\"elementor-section elementor-top-section elementor-element elementor-element-ce9664d elementor-section-boxed elementor-section-height-default elementor-section-height-default\" data-id=\"ce9664d\" data-element_type=\"section\">\n\t\t\t\t\t\t<div class=\"elementor-container elementor-column-gap-default\">\n\t\t\t\t\t<div class=\"elementor-column elementor-col-100 elementor-top-column elementor-element elementor-element-40a6d54\" data-id=\"40a6d54\" data-element_type=\"column\">\n\t\t\t<div class=\"elementor-widget-wrap\">\n\t\t\t\t\t\t\t<\/div>\n\t\t<\/div>\n\t\t\t\t\t<\/div>\n\t\t<\/section>\n\t\t\t\t<section class=\"elementor-section elementor-top-section elementor-element elementor-element-8c0c805 elementor-section-boxed elementor-section-height-default elementor-section-height-default\" data-id=\"8c0c805\" data-element_type=\"section\">\n\t\t\t\t\t\t<div class=\"elementor-container elementor-column-gap-default\">\n\t\t\t\t\t<div class=\"elementor-column elementor-col-100 elementor-top-column elementor-element elementor-element-6cc7180\" data-id=\"6cc7180\" data-element_type=\"column\">\n\t\t\t<div class=\"elementor-widget-wrap elementor-element-populated\">\n\t\t\t\t\t\t<div class=\"elementor-element elementor-element-32b9e9a elementor-widget elementor-widget-text-editor\" data-id=\"32b9e9a\" data-element_type=\"widget\" data-widget_type=\"text-editor.default\">\n\t\t\t\t<div class=\"elementor-widget-container\">\n\t\t\t\t\t\t\t<p>Los datos de car\u00e1cter personal que se faciliten mediante este formulario quedar\u00e1n registrados para su tratamiento, del que el Responsable es\u00a0 Ola Telekom y ser\u00e1n utilizados con la Finalidad de contestar a las consultas planteadas. La Legitimaci\u00f3n para llevar a cabo este tratamiento tiene su base en su consentimiento otorgado. Usted puede ejercitar los Derechos de acceso, rectificaci\u00f3n, supresi\u00f3n (\u201cderecho al olvido\u201d), limitaci\u00f3n, potabilidad y oposici\u00f3n dirigi\u00e9ndose al responsable del fichero, conforme a lo establecido en los Articulos. 15 y ss del RGPD-EU mediante escrito dirigido a la siguiente direcci\u00f3n. Paseo de Rosas, 8. 23280 Beas de Segura -Ja\u00e9n-. Los datos ser\u00e1n Conservados durante el plazo estrictamente necesario para cumplir con la normativa mencionada.<\/p><p>Visite nuestro Aviso Legal y Condiciones Generales\u00a0(Pinchar aqu\u00ed)<\/p>\t\t\t\t\t\t<\/div>\n\t\t\t\t<\/div>\n\t\t\t\t\t<\/div>\n\t\t<\/div>\n\t\t\t\t\t<\/div>\n\t\t<\/section>\n\t\t\t\t<\/div>\n\t\t","protected":false},"excerpt":{"rendered":"<p>Contacta Con nosotros Formulario de contactoPor favor, activa JavaScript en tu navegador para completar este formulario.Nombre *NombreApellidosEmail *Comentario o Mensaje *EmailEnviar Los datos de car\u00e1cter personal que se faciliten mediante este formulario quedar\u00e1n registrados para su tratamiento, del que el Responsable es\u00a0 Ola Telekom y ser\u00e1n utilizados con la Finalidad de contestar a las consultas [&hellip;]<\/p>\n","protected":false},"author":1,"featured_media":0,"parent":0,"menu_order":0,"comment_status":"closed","ping_status":"closed","template":"","meta":{"footnotes":""},"class_list":["post-150","page","type-page","status-publish","hentry","entry"],"aioseo_notices":[],"_links":{"self":[{"href":"https:\/\/olatelekom.es\/index.php\/wp-json\/wp\/v2\/pages\/150","targetHints":{"allow":["GET"]}}],"collection":[{"href":"https:\/\/olatelekom.es\/index.php\/wp-json\/wp\/v2\/pages"}],"about":[{"href":"https:\/\/olatelekom.es\/index.php\/wp-json\/wp\/v2\/types\/page"}],"author":[{"embeddable":true,"href":"https:\/\/olatelekom.es\/index.php\/wp-json\/wp\/v2\/users\/1"}],"replies":[{"embeddable":true,"href":"https:\/\/olatelekom.es\/index.php\/wp-json\/wp\/v2\/comments?post=150"}],"version-history":[{"count":22,"href":"https:\/\/olatelekom.es\/index.php\/wp-json\/wp\/v2\/pages\/150\/revisions"}],"predecessor-version":[{"id":340,"href":"https:\/\/olatelekom.es\/index.php\/wp-json\/wp\/v2\/pages\/150\/revisions\/340"}],"wp:attachment":[{"href":"https:\/\/olatelekom.es\/index.php\/wp-json\/wp\/v2\/media?parent=150"}],"curies":[{"name":"wp","href":"https:\/\/api.w.org\/{rel}","templated":true}]}}