{"id":148,"date":"2018-10-28T11:01:43","date_gmt":"2018-10-28T11:01:43","guid":{"rendered":"https:\/\/demo.budflare.com\/inspire\/?page_id=148"},"modified":"2021-01-21T19:53:36","modified_gmt":"2021-01-21T19:53:36","slug":"nosotros","status":"publish","type":"page","link":"https:\/\/olatelekom.es\/index.php\/nosotros\/","title":{"rendered":"Nosotros"},"content":{"rendered":"\t\t<div data-elementor-type=\"wp-post\" data-elementor-id=\"148\" class=\"elementor elementor-148\" data-elementor-post-type=\"page\">\n\t\t\t\t\t\t<section class=\"elementor-section elementor-top-section elementor-element elementor-element-74ffe367 elementor-section-content-middle elementor-reverse-mobile elementor-section-boxed elementor-section-height-default elementor-section-height-default\" data-id=\"74ffe367\" data-element_type=\"section\">\n\t\t\t\t\t\t<div class=\"elementor-container elementor-column-gap-no\">\n\t\t\t\t\t<div class=\"elementor-column elementor-col-50 elementor-top-column elementor-element elementor-element-44dbc7ec\" data-id=\"44dbc7ec\" data-element_type=\"column\">\n\t\t\t<div class=\"elementor-widget-wrap elementor-element-populated\">\n\t\t\t\t\t\t<div class=\"elementor-element elementor-element-ad15260 elementor-widget-divider--view-line elementor-widget elementor-widget-divider\" data-id=\"ad15260\" data-element_type=\"widget\" data-widget_type=\"divider.default\">\n\t\t\t\t<div class=\"elementor-widget-container\">\n\t\t\t\t\t<div class=\"elementor-divider\">\n\t\t\t<span class=\"elementor-divider-separator\">\n\t\t\t\t\t\t<\/span>\n\t\t<\/div>\n\t\t\t\t<\/div>\n\t\t\t\t<\/div>\n\t\t\t\t<div class=\"elementor-element elementor-element-b83ee1c elementor-widget elementor-widget-heading\" data-id=\"b83ee1c\" data-element_type=\"widget\" data-widget_type=\"heading.default\">\n\t\t\t\t<div class=\"elementor-widget-container\">\n\t\t\t<h4 class=\"elementor-heading-title elementor-size-default\">Nosotros<\/h4>\t\t<\/div>\n\t\t\t\t<\/div>\n\t\t\t\t<div class=\"elementor-element elementor-element-3ae2ad17 elementor-widget elementor-widget-text-editor\" data-id=\"3ae2ad17\" data-element_type=\"widget\" data-widget_type=\"text-editor.default\">\n\t\t\t\t<div class=\"elementor-widget-container\">\n\t\t\t\t\t\t\t<p>Ola Telekom nace en 2020 despu\u00e9s de una duras negociaciones con los grandes operadores de telefon\u00eda e Internet de Espa\u00f1a.<\/p><p>Llegando a acuerdos con las mejores compa\u00f1\u00edas del sector.\u00a0<\/p><p>As\u00ed en fibra e Internet te podemos ofrecer lo que necesites, tanto fibra, Adsl, Sat\u00e9lite, 4G, Wimax y todo lo que necesites. En Telefon\u00eda m\u00f3vil tenemos acuerdo con las cuatro coberturas existentes en Espa\u00f1a, pudiendo as\u00ed ofrecer a cada cliente lo que necesite.<\/p><p>EST\u00c9S DONDE EST\u00c9S TE PONEMOS INTERNET.<\/p><p>\u00a0<\/p>\t\t\t\t\t\t<\/div>\n\t\t\t\t<\/div>\n\t\t\t\t<div class=\"elementor-element elementor-element-856a6b3 elementor-widget elementor-widget-button\" data-id=\"856a6b3\" data-element_type=\"widget\" data-widget_type=\"button.default\">\n\t\t\t\t<div class=\"elementor-widget-container\">\n\t\t\t\t\t<div class=\"elementor-button-wrapper\">\n\t\t\t<a class=\"elementor-button elementor-button-link elementor-size-sm elementor-animation-grow\" href=\"https:\/\/olatelekom.es\/index.php\/contacto\/\">\n\t\t\t\t\t\t<span class=\"elementor-button-content-wrapper\">\n\t\t\t\t\t\t\t\t\t<span class=\"elementor-button-text\">SABER M\u00c1S<\/span>\n\t\t\t\t\t<\/span>\n\t\t\t\t\t<\/a>\n\t\t<\/div>\n\t\t\t\t<\/div>\n\t\t\t\t<\/div>\n\t\t\t\t\t<\/div>\n\t\t<\/div>\n\t\t\t\t<div class=\"elementor-column elementor-col-50 elementor-top-column elementor-element elementor-element-26da22f8\" data-id=\"26da22f8\" data-element_type=\"column\">\n\t\t\t<div class=\"elementor-widget-wrap elementor-element-populated\">\n\t\t\t\t\t\t<div class=\"elementor-element elementor-element-5db651c1 elementor-widget elementor-widget-image\" data-id=\"5db651c1\" data-element_type=\"widget\" data-widget_type=\"image.default\">\n\t\t\t\t<div class=\"elementor-widget-container\">\n\t\t\t\t\t\t\t\t\t\t\t\t\t<img fetchpriority=\"high\" decoding=\"async\" width=\"600\" height=\"400\" src=\"https:\/\/olatelekom.es\/wp-content\/uploads\/2018\/10\/img2-1.jpeg\" class=\"attachment-full size-full wp-image-166\" alt=\"\" srcset=\"https:\/\/olatelekom.es\/wp-content\/uploads\/2018\/10\/img2-1.jpeg 600w, https:\/\/olatelekom.es\/wp-content\/uploads\/2018\/10\/img2-1-300x200.jpeg 300w\" sizes=\"(max-width: 600px) 100vw, 600px\" \/>\t\t\t\t\t\t\t\t\t\t\t\t\t<\/div>\n\t\t\t\t<\/div>\n\t\t\t\t\t<\/div>\n\t\t<\/div>\n\t\t\t\t\t<\/div>\n\t\t<\/section>\n\t\t\t\t<section class=\"elementor-section elementor-top-section elementor-element elementor-element-7f90cdec elementor-section-content-middle elementor-section-boxed elementor-section-height-default elementor-section-height-default\" data-id=\"7f90cdec\" data-element_type=\"section\">\n\t\t\t\t\t\t<div class=\"elementor-container elementor-column-gap-no\">\n\t\t\t\t\t<div class=\"elementor-column elementor-col-100 elementor-top-column elementor-element elementor-element-748f79c5\" data-id=\"748f79c5\" data-element_type=\"column\">\n\t\t\t<div class=\"elementor-widget-wrap elementor-element-populated\">\n\t\t\t\t\t\t<div class=\"elementor-element elementor-element-808cb53 elementor-widget-divider--view-line elementor-widget elementor-widget-divider\" data-id=\"808cb53\" data-element_type=\"widget\" data-widget_type=\"divider.default\">\n\t\t\t\t<div class=\"elementor-widget-container\">\n\t\t\t\t\t<div class=\"elementor-divider\">\n\t\t\t<span class=\"elementor-divider-separator\">\n\t\t\t\t\t\t<\/span>\n\t\t<\/div>\n\t\t\t\t<\/div>\n\t\t\t\t<\/div>\n\t\t\t\t<div class=\"elementor-element elementor-element-f44e66c elementor-widget elementor-widget-heading\" data-id=\"f44e66c\" data-element_type=\"widget\" data-widget_type=\"heading.default\">\n\t\t\t\t<div class=\"elementor-widget-container\">\n\t\t\t<h4 class=\"elementor-heading-title elementor-size-default\">Ola Telekom<\/h4>\t\t<\/div>\n\t\t\t\t<\/div>\n\t\t\t\t\t<\/div>\n\t\t<\/div>\n\t\t\t\t\t<\/div>\n\t\t<\/section>\n\t\t\t\t<\/div>\n\t\t","protected":false},"excerpt":{"rendered":"<p>Nosotros Ola Telekom nace en 2020 despu\u00e9s de una duras negociaciones con los grandes operadores de telefon\u00eda e Internet de Espa\u00f1a. Llegando a acuerdos con las mejores compa\u00f1\u00edas del sector.\u00a0 As\u00ed en fibra e Internet te podemos ofrecer lo que necesites, tanto fibra, Adsl, Sat\u00e9lite, 4G, Wimax y todo lo que necesites. En Telefon\u00eda m\u00f3vil [&hellip;]<\/p>\n","protected":false},"author":1,"featured_media":0,"parent":0,"menu_order":0,"comment_status":"closed","ping_status":"closed","template":"","meta":{"footnotes":""},"class_list":["post-148","page","type-page","status-publish","hentry","entry"],"aioseo_notices":[],"_links":{"self":[{"href":"https:\/\/olatelekom.es\/index.php\/wp-json\/wp\/v2\/pages\/148","targetHints":{"allow":["GET"]}}],"collection":[{"href":"https:\/\/olatelekom.es\/index.php\/wp-json\/wp\/v2\/pages"}],"about":[{"href":"https:\/\/olatelekom.es\/index.php\/wp-json\/wp\/v2\/types\/page"}],"author":[{"embeddable":true,"href":"https:\/\/olatelekom.es\/index.php\/wp-json\/wp\/v2\/users\/1"}],"replies":[{"embeddable":true,"href":"https:\/\/olatelekom.es\/index.php\/wp-json\/wp\/v2\/comments?post=148"}],"version-history":[{"count":10,"href":"https:\/\/olatelekom.es\/index.php\/wp-json\/wp\/v2\/pages\/148\/revisions"}],"predecessor-version":[{"id":349,"href":"https:\/\/olatelekom.es\/index.php\/wp-json\/wp\/v2\/pages\/148\/revisions\/349"}],"wp:attachment":[{"href":"https:\/\/olatelekom.es\/index.php\/wp-json\/wp\/v2\/media?parent=148"}],"curies":[{"name":"wp","href":"https:\/\/api.w.org\/{rel}","templated":true}]}}